{"id":625,"date":"2019-10-12T22:10:09","date_gmt":"2019-10-12T17:10:09","guid":{"rendered":"http:\/\/uzswlu-international.uz\/?page_id=625"},"modified":"2023-03-29T10:47:10","modified_gmt":"2023-03-29T05:47:10","slug":"goeast","status":"publish","type":"page","link":"https:\/\/uzswlu-international.uzswlu.uz\/uz\/partner-institutions\/goeast\/","title":{"rendered":"Go East Sommerschule 2023"},"content":{"rendered":"<p><img loading=\"lazy\" class=\"aligncenter wp-image-4877\" src=\"https:\/\/uzswlu-international.uz\/wp-content\/uploads\/2022\/10\/Hauptbild-1-300x229.jpg\" alt=\"\" width=\"798\" height=\"610\" srcset=\"https:\/\/uzswlu-international.uzswlu.uz\/wp-content\/uploads\/2022\/10\/Hauptbild-1-300x229.jpg 300w, https:\/\/uzswlu-international.uzswlu.uz\/wp-content\/uploads\/2022\/10\/Hauptbild-1-585x446.jpg 585w\" sizes=\"(max-width: 798px) 100vw, 798px\" \/><\/p>\n<h1 style=\"text-align: center;\">Die alte und die neue Seidenstra\u00dfe \u2013 Usbekistan zwischen M\u00e4rchen und Moderne<\/h1>\n<h5 style=\"text-align: left;\">Eine Abenteuerreise \u2013 der anderen Art. Wollen Sie in die Vergangenheit von 1001 Nacht reisen? Moscheen und Medresen? M\u00e4rchen, Mathematik und Mondbeobachtung? Handwerk und Kunst wie zu Aladins Zeiten? Und wollen Sie auch gleichzeitig die Gegenwart kennenlernen? Taschkent bei Nacht mit seiner Festtagsbeleuchtung? Junge Studierende und Handwerker, die ihr Land voranbringen wollen und neugierig sind auf die Welt?<\/h5>\n<p><img loading=\"lazy\" class=\"aligncenter size-medium\" src=\"https:\/\/kalpak-travel.com\/wp-content\/uploads\/2019\/04\/samsa-uzbekistan-food-cuisine.jpg\" width=\"1200\" height=\"900\" \/><img loading=\"lazy\" class=\"aligncenter size-medium\" src=\"https:\/\/abasayyoh.com\/uploaded_images\/pages\/1\/342.jpg\" width=\"1000\" height=\"562\" \/><img loading=\"lazy\" class=\"aligncenter size-medium\" src=\"https:\/\/www.worldatlas.com\/r\/w960-q80\/upload\/dc\/db\/a2\/shutterstock-1129308746.jpg\" width=\"1056\" height=\"704\" \/><\/p>\n<h3><\/h3>\n<h5><\/h5>\n<h5 style=\"text-align: center;\">Wir laden Sie nach Usbekistan ein. Usbekische M\u00e4rchen, Sprache und Politik, Medresen und Moscheen in Samarkand, in Buchoro, Handwerk und Kunst der Orients \u2026\u00a0 und vieles mehr.<\/h5>\n<h5 style=\"text-align: center;\">Usbekistan ist das Land der Seidenstra\u00dfe. Hier treffen sich Kunst, Kultur und Handel seit der Antike. In den letzten Jahren erwacht aufgrund der chinesischen Politik der \u201cneuen\u201d Seidenstra\u00dfe das Interesse der westlichen Staaten an den L\u00e4ndern Zentralasiens.<\/h5>\n<div style=\"width: 619px\" class=\"wp-caption aligncenter\"><img loading=\"lazy\" class=\"\" src=\"https:\/\/cdn.beta.qalampir.uz\/uploads\/Mm\/m_UXeotzzzfBIlzjz0qCTM73Yfj0tVi6.jpg\" alt=\"Germaniya Prezidenti Xiva shahrida bo'ldi | Qalampir.uz\" width=\"609\" height=\"457\" \/><p class=\"wp-caption-text\">Der Bundespr\u00e4sident Steinmeier und seine Frau<\/p><\/div>\n<h5 style=\"text-align: center;\">Der Bundespr\u00e4sident Steinmeier und seine Frau waren auch schon hier und haben Usbekistan in 2019 besucht.<\/h5>\n<h5 style=\"text-align: center;\">Usbekistan ist das Zentrum der Seidenstra\u00dfe. Samarkand, Buchara, Chiva, Taschkent \u2026 Namen wie aus 1001 Nacht. Dies alles und noch viel mehr m\u00f6chten Ihnen die jungen Studierenden der USWLU zeigen und gleichzeitig den Kontakt zur westlichen Welt auf dem Weg der alten Seidenstra\u00dfe neu aufleben lassen.<\/h5>\n<p><img src=\"https:\/\/uzbek.org.uk\/wp-content\/uploads\/2017\/07\/uzbek_cuisine_plov.jpg\" \/><\/p>\n<h4 style=\"text-align: center;\">Wir m\u00f6chten Sie einladen, mit uns zusammen die usbekische Kultur und Tradition zu erforschen. Wir hoffen auf eine gemeinsame Zusammenarbeit und eine gemeinsame Zukunft.<\/h4>\n<p><img loading=\"lazy\" class=\"aligncenter\" src=\"https:\/\/uza.uz\/upload\/medialibrary\/675\/86.jpg\" width=\"454\" height=\"268\" \/><\/p>\n<h2>Inhalt der Sommerschule:<\/h2>\n<p>Usbekische K\u00fcche gef\u00e4llt Menschen aus aller Welt. Das ist eine der abwechslungsreichsten K\u00fcche in Zentralasien. Der Mund f\u00fcllt mit dem Wasser nur von den Namen der Usbekischen Gerichte. Plow, Manti, Schurpa, Schaschlik, Laghman, Samsa haben solche Ger\u00fcche, dass niemand gegen diese Versuchung widerstehen kann um diese Gerichte zu schmecken.<\/p>\n<p>Das Geb\u00e4ck und Gerichte aus saurer Milch spielen eine wichtige Rolle im usbekischen Essen. Das nationale usbekische Essen ist mit breiter Benutzung vom Fleisch charakterisiert: Hammelfleisch, Rinderfleisch, Pferdefleisch. Unterschiedliche Regionen kochen verschiedenartig. Am Norden bevorzugen sie Plow, gebratenes Fleisch, Geb\u00e4ck und Lepeschka(Brot) zu kochen. Im S\u00fcden zubereiten Leute weite Vielfalt von komplexen Gerichten von dem Reis und Gem\u00fcse, und machen hervorragende Nachspeise.<\/p>\n<p>Jede Region hat eigenes Essen. Vom S\u00fcden bis Norden unterscheiden sich die Gerichte voneinander sehr stark. Im Allgemeinen essen Usbekische Leute mit der Hand und setzen auf dem Boden oder beim niedrigen Tisch \u2013 Dastarkhan.<\/p>\n<p>Die ausl\u00e4ndischen Studierende haben M\u00f6glichkeit, usbekische K\u00fcche zu erleben und einzigartige Gerichte zu schmecken.<\/p>\n<p>Das Hauptgericht in Usbekistan hei\u00dft Plov. Es gibt rund 200 Sorten dieser Mahlzeit. Es ist f\u00fcr die usbekische K\u00fcche und Kultur so wichtig, dass es von der UNESCO als immaterielles Kulturerbe eingestuft wird. Es finden landesweite Wettbewerbe statt, um herauszufinden, wer den besten Plov machen kann. Es ist von gro\u00dfer sozialer und kultureller Bedeutung f\u00fcr die lokale Bev\u00f6lkerung und wird daher bei allen gro\u00dfen Veranstaltungen und Festivit\u00e4ten serviert.<\/p>\n<p>In Usbekistan gilt eine Mahlzeit ohne Brot als unvollst\u00e4ndig. In Gesch\u00e4ften und Caf\u00e9s finden Sie eine Vielzahl von Broten. Das h\u00e4ufigste und beliebteste ist jedoch ein rundes, flaches Wei\u00dfbrot. Normalerweise wird es in einem Feuerofen gebacken, der als Tandyr (Tandoori) bekannt ist. Auf Ihrer Reise werden Sie feststellen, dass der Geschmack und die Form dieses Brotes von Ort zu Ort unterschiedlich sind.<strong>\u00a0<\/strong><\/p>\n<p><strong>Zielgruppe:<\/strong><strong>\u00a0<\/strong><\/p>\n<p>Deutsche und internationale Studierende aller Fachrichtungen \u2013 insbesondere Kunstgeschichte, Design, Kunst, Geschichte, Orientalistik, Russisch, Asien- und Zentralasienstudien, Mathematik, Religionswissenschaften, Physik, Chemie, Agrikultur, Politikwissenschaft, \u00d6konomie, Betriebswirtschaft, Technik- und Computerwissenschaft, interkulturelle Kommunikation, P\u00e4dagogik, Psychologie, Sprach- und Literaturwissenschaften, Linguistik, \u00dcbersetzungswissenschaften, Tourismus, Ethnologie, Arch\u00e4ologie, Geschichte.<\/p>\n<h2>Konkrete Inhaltspunkte:<\/h2>\n<p>1.Besuch und Kennenlernen von usbekischer K\u00fcche, national Restaurants, B\u00e4ckerei. \u201cPraktikum\u201d in einem nationalen<\/p>\n<p>K\u00fcche Zuerst wird theoretisch in die usbekische K\u00fcche eingef\u00fchrt und dann in den Orten mitgearbeitet.<\/p>\n<p>2.Besuch von und Leistungsnachweis in Seminaren zu regionaler K\u00fcche und Sprache Usbekistans.<\/p>\n<p>3.Besuch eines Sprachkurses Usbekisch mit Leistungsnachweis.<\/p>\n<p>4. Kulturelles und soziales Begleitprogramm mit<\/p>\n<p>\u2013 Exkursion nach Samarkand und Buchara<\/p>\n<p>\u2013 Begr\u00fc\u00dfungsessen und festliches Abschlussessen mit typischen usbekischen Gerichten<\/p>\n<p>\u2013 Besuch zwei MuseenTeilnahme am Fest anl\u00e4sslich des Unanh\u00e4ngigkeitstages<\/p>\n<p>\u2013 Besuch des Komplexes &laquo;Hazrati Imom&raquo;<\/p>\n<p>\u2013 Stadtrundfahrt, Universit\u00e4tsf\u00fchrung, Empfang des Rektors<\/p>\n<p><strong>Personen:<\/strong><\/p>\n<p>Begleitet werden die deutschsprachigen Studierenden von den Studenten\/innen der Germanistik im Buddy-System. Es werden Gruppen gebildet. Jeweils zwei Studierende im Wechsel betreuen 2- 3 Studierende und begleiten diese zu den verschiedenen Aktivit\u00e4ten. Sie begleiten vor allem zu den B\u00e4ckern-K\u00f6chen und ihren B\u00e4ckerein-Cafes und \u00fcbersetzen. Sie begleiten bei den Seminaren und Vorlesungen und zeigen die Universit\u00e4t und ihre Einrichtungen, sie begleiten bei den kulturellen und sozialen Aktivit\u00e4ten am Abend oder Wochenende. Das Besondere an diesem System ist, dass es einen intensiven Kontakt zwischen den usbekischen und deutschsprachigen Studierenden gibt, der sich hoffentlich nach der Sommerschule fortsetzt. Wichtig ist, dass wir, die usbekischen Studenten, gut vorbereitet sind und den Wortschatz der usbekischen K\u00fche auf Deutsch beherrschen und so die Vorg\u00e4nge des Kochs erkl\u00e4ren k\u00f6nnen. Dies wird in den germanistischen Seminaren vorbereitet. Auch ist es interessant, wenn beide Gruppen gemeinsam die Vorlesungen und Seminare besuchen, um dann \u00fcber das Gelernte zu diskutieren. Die usbekische K\u00fcche wird\u00a0 im Seminaren theoretisch und von den K\u00f6chen in deren K\u00fcchen praktisch vorgestellt und erkl\u00e4rt. Vorlesungen und Seminare zu Sprache und Kultur werden von den Professoren\/innen (Prof. Rakhimov, Prof. Ismoilov) der Universit\u00e4t gehalten.<\/p>\n<p><strong>Tagesplan<\/strong>\u00a0(\u00c4nderungen vorbehalten)<\/p>\n<p><strong>Ankunft: Sonntag\u00a0<\/strong>20.08.2022 \u2013 individuelles Abholen vom Flughafen und Transport zur Unterkunft<\/p>\n<p><strong>Montag:<\/strong><\/p>\n<p>08.00 \u00a0\u00a0Uhr Fr\u00fchst\u00fcck in der Cafeteria,<\/p>\n<p>09.30 \u00a0\u00a0Uhr Er\u00f6ffnung der Sommerschule vom Rektor oder Vizerektor\/Dekan der Universit\u00e4t<\/p>\n<p>10.00 \u00a0\u00a0Uhr Vorstellung des Programms, Bekanntmachen mit den Tutoren\/Buddies, Erkl\u00e4rung des<\/p>\n<p>Ablaufs der Sommerschule, Verteilung auf die verschiedenen Gewerke je nach Interesse<\/p>\n<p>(Vorinformationen finden \u00fcber die Webseite statt)<\/p>\n<p>12.00-13.30\u00a0\u00a0\u00a0\u00a0\u00a0 Mittagessen in der Mensa der Universit\u00e4t<\/p>\n<p>13.30-15.00 \u00a0\u00a0\u00a0\u00a0\u00a0Sprachkurs Usbekisch \u2013 Einf\u00fchrung<\/p>\n<p>16.00-17.00\u00a0\u00a0\u00a0\u00a0\u00a0 Unif\u00fchrung \u2013 Hauptcampus.<\/p>\n<p>19.00 \u00a0\u00a0\u00a0\u00a0\u00a0\u00a0\u00a0\u00a0\u00a0\u00a0\u00a0\u00a0\u00a0\u00a0\u00a0Begr\u00fc\u00dfungsessen im Restaurant<\/p>\n<p><strong>Tagesstruktur Mo-Fr (Werktage)<\/strong><\/p>\n<p>08.00-09.00\u00a0\u00a0 Fr\u00fchst\u00fcck in der Cafeteria mit den Tutoren<\/p>\n<p>09.00-09.30\u00a0\u00a0 Fahrt zur jeweiligen Werkstatt, Begleitung mit einem Buddy<\/p>\n<p>09.30-12.00\u00a0\u00a0 Meisterklasse, \u00dcbersetzung mit dem Buddy<\/p>\n<p>12.00-13.30\u00a0\u00a0 Mittagessen in der Mensa der Universit\u00e4t<\/p>\n<p>13.30-15.00\u00a0\u00a0 Sprachkurs Usbekisch<\/p>\n<p>15.00-15.30\u00a0\u00a0 Kaffeepause<\/p>\n<p>15.30-17.00 \u00a0\u00a0Landeskundliches Seminar zu verschiedenen Themen<\/p>\n<p>17.00 \u00a0\u00a0\u00a0\u00a0\u00a0\u00a0\u00a0\u00a0\u00a0\u00a0\u00a0\u00a0Kulturprogramm nach dem Programm: Besuch Taschkent City, Magic City, Metro \u2026<\/p>\n<p><strong>Tagesstruktur-Wochenende 1.Woche<\/strong><\/p>\n<p>-Exkursion nach Buchoro und Samarqand<\/p>\n<p><strong>Tagesstruktur-Wochenende 2.Woche<\/strong><\/p>\n<p>&#8211; Stadtrundfahrt-Tashkent<\/p>\n<p>03.September 2023 Abreise<\/p>\n<p>Prof.Ulugbek Azizov, Rektor der Universit\u00e4t;<\/p>\n<p>Alisher Abidjanov,\u00a0 Vice Rektor f\u00fcr internationale Beziehungen<\/p>\n<p>Shoxruh Mahmudov, Marjona Sayfutdinova, Feruza Uralova \u2013Studenten der Germanistik, organisatorische Vorarbeiten, Webseite und Organisation der Buddies;<\/p>\n<p>Shokirjon Xolmatov, Barno Berdiyeva, Mavjuda Madazimova, Yayra Qosimova,\u00a0 \u00a0Muhayyo Majidova,\u00a0 Prof.Khurram Rakhimov, Prof. Yusub Ismoilov-Professoren der Germanistik.<\/p>\n<h3 style=\"text-align: center;\"><strong>Besuch von Seminaren zu Wirtschaft, Geschichte, Sprache und Kultur und Sprachunterricht Usbekisch.<\/strong><\/h3>\n<p><img loading=\"lazy\" class=\"aligncenter\" src=\"https:\/\/mice-uzbekistan.uz\/wp-content\/uploads\/2015\/10\/historic-paint.jpg\" alt=\"\u0418\u0441\u0442\u043e\u0440\u0438\u044f \u0423\u0437\u0431\u0435\u043a\u0438\u0441\u0442\u0430\u043d\u0430 \u2013 Mice Uzbekistan\" width=\"731\" height=\"441\" \/><\/p>\n<h3 style=\"text-align: center;\"><strong>Kulturelle Exkursionen<\/strong><\/h3>\n<p><img loading=\"lazy\" class=\"aligncenter\" src=\"https:\/\/club-voshod.com\/files\/routes\/80\/gallery\/gallery_big_trekking_v_uzbekistane_37.jpg\" alt=\"\u0410\u0432\u0442\u043e\u0440\u0441\u043a\u0438\u0439 \u0442\u0443\u0440 \u0432 \u0423\u0437\u0431\u0435\u043a\u0438\u0441\u0442\u0430\u043d 2021. \u042d\u043a\u0441\u043a\u0443\u0440\u0441\u0438\u0438 \u0432 \u0421\u0430\u043c\u0430\u0440\u043a\u0430\u043d\u0434, \u0411\u0443\u0445\u0430\u0440\u0443 - \u0422\u0443\u0440\u043a\u043b\u0443\u0431 \u0412\u043e\u0441\u0445\u043e\u0434\" width=\"734\" height=\"487\" \/><\/p>\n<div style=\"width: 743px\" class=\"wp-caption aligncenter\"><img loading=\"lazy\" class=\"\" src=\"https:\/\/www.lottehotel.com\/content\/dam\/lotte-hotel\/city\/tashkentpalace\/overview\/local-guide\/amirtemursquare\/180822-4-768-ove-tashkentplace-city.jpg.thumb.1024.1024.jpg\" alt=\"\u00d0\u009f\u00d0\u00be\u00d1\u0085\u00d0\u00be\u00d0\u00b6\u00d0\u00b5\u00d0\u00b5 \u00d0\u00b8\u00d0\u00b7\u00d0\u00be\u00d0\u00b1\u00d1\u0080\u00d0\u00b0\u00d0\u00b6\u00d0\u00b5\u00d0\u00bd\u00d0\u00b8\u00d0\u00b5\" width=\"733\" height=\"412\" \/><p class=\"wp-caption-text\">Statue von Amir Temur in Taschkent<\/p><\/div>\n<div style=\"width: 743px\" class=\"wp-caption aligncenter\"><img loading=\"lazy\" class=\"\" src=\"https:\/\/autotravel.ru\/phalbum\/90822\/194.jpg\" alt=\"\u00d0\u009f\u00d0\u00be\u00d1\u0085\u00d0\u00be\u00d0\u00b6\u00d0\u00b5\u00d0\u00b5 \u00d0\u00b8\u00d0\u00b7\u00d0\u00be\u00d0\u00b1\u00d1\u0080\u00d0\u00b0\u00d0\u00b6\u00d0\u00b5\u00d0\u00bd\u00d0\u00b8\u00d0\u00b5\" width=\"733\" height=\"487\" \/><p class=\"wp-caption-text\">Statue von Al-Choresmi gro\u00dfartiger Mathematiker einer ganzen Epoche.<\/p><\/div>\n<hr \/>\n<h3><strong>Wo? Was? Wann? Wer?\u00a0<\/strong><\/h3>\n<table style=\"height: 4775px;\" width=\"770\">\n<tbody>\n<tr>\n<td width=\"228\">Land<\/p>\n<p><em>Country<\/em><\/td>\n<td width=\"492\">Usbekistan<\/td>\n<\/tr>\n<tr>\n<td width=\"228\">Hochschule<\/p>\n<p><em>University<\/em><\/td>\n<td width=\"492\">Usbekistan State World Languages University<\/td>\n<\/tr>\n<tr>\n<td width=\"228\">Fachbereich<\/p>\n<p><em>Faculty<\/em><\/td>\n<td width=\"492\">Germanistik<\/td>\n<\/tr>\n<tr>\n<td width=\"228\">Bezeichnung der Sommerschule <em>Summer schooltitle<\/em><\/td>\n<td width=\"492\">Die alte und die neue Seidenstra\u00dfe -Usbekistan zwischen M\u00e4rchen und Moderne<\/td>\n<\/tr>\n<tr>\n<td width=\"228\">Ort der Sommerschule<\/p>\n<p><em>Summerschoollocation<\/em><\/td>\n<td width=\"492\">Taschkent<\/td>\n<\/tr>\n<tr>\n<td width=\"228\">Kursdauer (Termin) von\u2026bis<\/p>\n<p><em>Duration from\u2026to<\/em><\/p>\n<p><em>Withoutarrival and departuredays<\/em><\/td>\n<td width=\"492\">21.08.2023 \u2013 02.09.2023<\/td>\n<\/tr>\n<tr>\n<td width=\"228\">Zielgruppe<\/p>\n<p><em>Target group<\/em><\/td>\n<td width=\"492\">Deutsche und internationale Studierende aller Fachrichtungen \u2013 insbesondere Kunstgeschichte, Design, Kunst, Geschichte, Orientalistik, Russisch, Asien- und Zentralasienstudien, Mathematik, Religionswissenschaften, Physik, Chemie, Agrikultur, Politikwissenschaft, \u00d6konomie, Betriebswirtschaft, Technik- und Computerwissenschaft, interkulturelle Kommunikation, P\u00e4dagogik, Psychologie, Sprach- und Literaturwissenschaften, Linguistik, \u00dcbersetzungswissenschaften, Tourismus, Ethnologie, Arch\u00e4ologie, Geschichte.<\/td>\n<\/tr>\n<tr>\n<td width=\"228\">Art der Sommerschule<\/p>\n<p><em>Summer school`s type<\/em><\/td>\n<td width=\"492\">\n<table>\n<tbody>\n<tr>\n<td width=\"236\">\u2612<\/td>\n<td width=\"113\">\u2610<\/td>\n<td width=\"124\">\u2612<\/td>\n<\/tr>\n<tr>\n<td width=\"236\">nur f\u00fcr deutsche Studierende<\/p>\n<p>onlyfor German students<\/td>\n<td width=\"113\">binational<\/td>\n<td width=\"124\">international<\/td>\n<\/tr>\n<tr>\n<td width=\"236\"><\/td>\n<td width=\"113\"><\/td>\n<td width=\"124\"><\/td>\n<\/tr>\n<\/tbody>\n<\/table>\n<\/td>\n<\/tr>\n<tr>\n<td width=\"228\">Veranstaltungssprache<\/p>\n<p><em>Languageofinstruction<\/em><\/td>\n<td width=\"492\">\n<table>\n<tbody>\n<tr>\n<td width=\"236\">\u2612<\/p>\n<p>German<\/td>\n<td width=\"113\">\u2610<\/p>\n<p>English<\/td>\n<td width=\"124\">\u2610German\/English<\/td>\n<\/tr>\n<\/tbody>\n<\/table>\n<\/td>\n<\/tr>\n<tr>\n<td width=\"228\">Wird Sprachunterricht in der Landessprache angeboten?<\/p>\n<p><em>Do you offer national language courses?<\/em><\/td>\n<td width=\"492\">Ja, ein Kurs , Anf\u00e4ngerniveau<\/td>\n<\/tr>\n<tr>\n<td width=\"228\">Werden ECTS vergeben?<\/p>\n<p>Wenn ja, wie viele?<\/p>\n<p><em>ECTS points available?<\/em><\/p>\n<p><em>If so, how many?<\/em><\/td>\n<td width=\"492\">2<\/td>\n<\/tr>\n<tr>\n<td width=\"228\">Teilnahmegeb\u00fchr in \u20ac<\/p>\n<p><em>Participationfee in \u20ac<\/em><\/td>\n<td width=\"492\">1000.Euro<\/td>\n<\/tr>\n<tr>\n<td width=\"228\">Teilnehmerzahlinsgesamt<\/p>\n<p>Total number ofparticipants<\/td>\n<td width=\"492\">15<\/td>\n<\/tr>\n<tr>\n<td width=\"228\">Zahl der beim DAADbeantrag-ten Stipendien<\/p>\n<p><em>Total number of DAAD scholarships you apply for<\/em><\/td>\n<td width=\"492\">15<\/td>\n<\/tr>\n<tr>\n<td width=\"228\">Teilnahme einheimischer Studierender<\/p>\n<p><em>Participationoflocalstudents<\/em><\/td>\n<td width=\"492\">\n<table>\n<tbody>\n<tr>\n<td width=\"238\">\u2612<\/td>\n<td width=\"238\">\u2610<\/td>\n<\/tr>\n<tr>\n<td width=\"238\">ja\/yes<\/td>\n<td width=\"238\">nein\/no<\/td>\n<\/tr>\n<\/tbody>\n<\/table>\n<\/td>\n<\/tr>\n<tr>\n<td width=\"228\">Anmeldungsfrist f\u00fcr deutsche<\/p>\n<p>Studierende(etwa <strong>2,5 Monate<\/strong> vor Beginn der Sommerschule)<\/p>\n<p><em>Application deadline for German students (at least <strong>2,5 months<\/strong> before a beginning of summer school)<\/em><\/td>\n<td width=\"492\">05.06.2023<\/td>\n<\/tr>\n<tr>\n<td width=\"228\">Internetadresse der Sommer-schule<\/p>\n<p><em>Homepageforthesummerschool<\/em><\/td>\n<td width=\"492\">\/https:\/\/uzswlu-international.uz\/partner-institutions\/goeast\/<\/td>\n<\/tr>\n<tr>\n<td width=\"228\">Welche Bewerbungsunterlagen m\u00fcssen von den deutschen Studierenden eingereicht werden?<\/p>\n<p><em>Which application formsshould be submitted by theGermanstudents?<\/em><\/td>\n<td width=\"492\">Lebenslauf, Motivationsschreiben, Immatrikulationsbescheinigung,<\/p>\n<p>Zeugnisse der Hochschule uber erbrachte Leistungen &#8230;<\/td>\n<\/tr>\n<tr>\n<td width=\"228\">Form der Teilnahme-bescheinigung<\/p>\n<p><em>Certificates<\/em><\/td>\n<td width=\"492\">Zertifikat \u00fcber die Teilnahme mit Angabe der Creditpoints<\/td>\n<\/tr>\n<tr>\n<td width=\"228\">Was sind die ma\u00dfgeblichen Auswahlkriterien?<\/p>\n<p><em>What are the relevant selection criteria?<\/em><\/td>\n<td width=\"492\">Eine qualitative Auswahl der Bewerber, die f\u00fcr ein DAAD Stipendium vorgeschlagen werden (Rankingliste) soll gew\u00e4hrleistet werden.<\/p>\n<p>Immatrikulation<\/p>\n<p>Notendurchschnitt<\/p>\n<p>Motivationsschreiben<\/td>\n<\/tr>\n<tr>\n<td width=\"228\">Wie oft oder in welchen Jahren wurde Ihre Sommerschule bereits vom DAAD gef\u00f6rdert?<\/p>\n<p><em>How often or when has been your summer school supported by the DAAD<\/em>?<\/td>\n<td width=\"492\">2021 Zusage f\u00fcr die Winterschule, Absage wegen Corona<\/p>\n<p>2022 Sommerschule gef\u00f6rdert und durchgef\u00fchrt<\/td>\n<\/tr>\n<tr>\n<td width=\"228\">Kontaktperson<\/p>\n<p><em>Contact person<\/em><\/p>\n<p><em>\u00a0<\/em><\/p>\n<p>Name<\/p>\n<p>Adresse<\/p>\n<p>E-Mail<\/p>\n<p>Tel.<\/td>\n<td width=\"492\">In Usbekistan an der USWLU <a href=\"http:\/\/uzswlu.uz\/page\/view\/3\">http:\/\/uzswlu.uz\/page\/view\/3<\/a>fur die Organisation: Die Studierender der\u00a0 USWLU-Germanistik:<\/p>\n<p>Marjona Sayfutdinova\u00a0\u00a0<a href=\"mailto:Marjonasayfiddinova@mail.ru\">Marjonasayfiddinova@mail.ru<\/a><\/p>\n<p>Feruza Uralova\u00a0<a href=\"mailto:uralovaferuza957@gmail.com\">uralovaferuza957@gmail.com<\/a><\/p>\n<p>Herr Alisher Abidjanov,\u00a0 Vice Rektor f\u00fcr internationale Beziehungen<\/p>\n<p>aabidjanov@gmail.com<\/p>\n<p>Akademisches Personal:<\/p>\n<p>Herr Shokirjon Xolmatov\u00a0 <a href=\"mailto:shohsur@mail.ru\">shoksur@mail.ru<\/a><\/p>\n<p>In Deutschland: Dr.Beate Rattay-Forstl<\/p>\n<p>Leuthenerstr.50,81476 Muenchen<\/p>\n<p><a href=\"mailto:beaterattay@yahoo.de\">beaterattay@yahoo.de<\/a><\/p>\n<p>08974492182 oder 01622953835<\/td>\n<\/tr>\n<\/tbody>\n<\/table>\n<h2><span style=\"color: #ff0000;\">Bewerbungsunterlagen per E-Mail an:<\/span><\/h2>\n<h3>Herr Shokir Holmatov\u00a0\u00a0<a href=\"mailto:shohsur@mail.ru\">shoksur@mail.ru<\/a><\/h3>\n<h3><\/h3>\n<h2><strong>Video<\/strong><\/h2>\n<p><div style=\"width: 1170px;\" class=\"wp-video\"><video class=\"wp-video-shortcode\" id=\"video-625-3\" width=\"1170\" height=\"658\" preload=\"metadata\" controls=\"controls\"><source type=\"video\/mp4\" src=\"http:\/\/uzswlu-international.uz\/wp-content\/uploads\/2021\/01\/Welcome-to-Uzbekistan.mp4?_=3\" \/><a href=\"http:\/\/uzswlu-international.uz\/wp-content\/uploads\/2021\/01\/Welcome-to-Uzbekistan.mp4\">http:\/\/uzswlu-international.uz\/wp-content\/uploads\/2021\/01\/Welcome-to-Uzbekistan.mp4<\/a><\/video><\/div><\/p>","protected":false},"excerpt":{"rendered":"<p>Die alte und die neue Seidenstra\u00dfe \u2013 Usbekistan zwischen M\u00e4rchen und Moderne Eine Abenteuerreise \u2013 der anderen Art. Wollen Sie in die Vergangenheit von 1001 Nacht reisen? Moscheen und Medresen?&hellip;<\/p>\n","protected":false},"author":128,"featured_media":0,"parent":39,"menu_order":0,"comment_status":"closed","ping_status":"closed","template":"","meta":[],"acf":[],"_links":{"self":[{"href":"https:\/\/uzswlu-international.uzswlu.uz\/uz\/wp-json\/wp\/v2\/pages\/625"}],"collection":[{"href":"https:\/\/uzswlu-international.uzswlu.uz\/uz\/wp-json\/wp\/v2\/pages"}],"about":[{"href":"https:\/\/uzswlu-international.uzswlu.uz\/uz\/wp-json\/wp\/v2\/types\/page"}],"author":[{"embeddable":true,"href":"https:\/\/uzswlu-international.uzswlu.uz\/uz\/wp-json\/wp\/v2\/users\/128"}],"replies":[{"embeddable":true,"href":"https:\/\/uzswlu-international.uzswlu.uz\/uz\/wp-json\/wp\/v2\/comments?post=625"}],"version-history":[{"count":113,"href":"https:\/\/uzswlu-international.uzswlu.uz\/uz\/wp-json\/wp\/v2\/pages\/625\/revisions"}],"predecessor-version":[{"id":4956,"href":"https:\/\/uzswlu-international.uzswlu.uz\/uz\/wp-json\/wp\/v2\/pages\/625\/revisions\/4956"}],"up":[{"embeddable":true,"href":"https:\/\/uzswlu-international.uzswlu.uz\/uz\/wp-json\/wp\/v2\/pages\/39"}],"wp:attachment":[{"href":"https:\/\/uzswlu-international.uzswlu.uz\/uz\/wp-json\/wp\/v2\/media?parent=625"}],"curies":[{"name":"wp","href":"https:\/\/api.w.org\/{rel}","templated":true}]}}